{"id":2955,"date":"2026-04-21T06:57:44","date_gmt":"2026-04-21T06:57:44","guid":{"rendered":"https:\/\/www.madoantepia.com\/?post_type=product&#038;p=2955"},"modified":"2026-04-21T06:58:39","modified_gmt":"2026-04-21T06:58:39","slug":"cig-kofte","status":"publish","type":"product","link":"http:\/\/www.madoantepia.com\/index.php\/product\/cig-kofte\/","title":{"rendered":"\u00c7i\u011f K\u00f6fte"},"content":{"rendered":"","protected":false},"excerpt":{"rendered":"<p>\u00c7i\u011f K\u00f6fte<br \/>\nYe\u015fillik, lava\u015f, limon ve nar ek\u015fisi sos ile.<br \/>\n*10 adet<\/p>\n","protected":false},"featured_media":2956,"comment_status":"closed","ping_status":"closed","template":"","meta":{"_acf_changed":false,"inline_featured_image":false},"product_brand":[],"product_cat":[119],"product_tag":[364,368,213,208],"class_list":{"0":"post-2955","1":"product","2":"type-product","3":"status-publish","4":"has-post-thumbnail","6":"product_cat-atistirmaliklar","7":"product_tag-atistirmaliklar","8":"product_tag-cig-kofte","9":"product_tag-gaziantep","10":"product_tag-mado","12":"first","13":"instock","14":"shipping-taxable","15":"product-type-simple"},"acf":[],"_links":{"self":[{"href":"http:\/\/www.madoantepia.com\/index.php\/wp-json\/wp\/v2\/product\/2955","targetHints":{"allow":["GET"]}}],"collection":[{"href":"http:\/\/www.madoantepia.com\/index.php\/wp-json\/wp\/v2\/product"}],"about":[{"href":"http:\/\/www.madoantepia.com\/index.php\/wp-json\/wp\/v2\/types\/product"}],"replies":[{"embeddable":true,"href":"http:\/\/www.madoantepia.com\/index.php\/wp-json\/wp\/v2\/comments?post=2955"}],"wp:featuredmedia":[{"embeddable":true,"href":"http:\/\/www.madoantepia.com\/index.php\/wp-json\/wp\/v2\/media\/2956"}],"wp:attachment":[{"href":"http:\/\/www.madoantepia.com\/index.php\/wp-json\/wp\/v2\/media?parent=2955"}],"wp:term":[{"taxonomy":"product_brand","embeddable":true,"href":"http:\/\/www.madoantepia.com\/index.php\/wp-json\/wp\/v2\/product_brand?post=2955"},{"taxonomy":"product_cat","embeddable":true,"href":"http:\/\/www.madoantepia.com\/index.php\/wp-json\/wp\/v2\/product_cat?post=2955"},{"taxonomy":"product_tag","embeddable":true,"href":"http:\/\/www.madoantepia.com\/index.php\/wp-json\/wp\/v2\/product_tag?post=2955"}],"curies":[{"name":"wp","href":"https:\/\/api.w.org\/{rel}","templated":true}]}}