{"id":2974,"date":"2026-04-21T07:38:18","date_gmt":"2026-04-21T07:38:18","guid":{"rendered":"https:\/\/www.madoantepia.com\/?post_type=product&#038;p=2974"},"modified":"2026-04-21T07:39:21","modified_gmt":"2026-04-21T07:39:21","slug":"vegan-kinoa-salatasi","status":"publish","type":"product","link":"http:\/\/www.madoantepia.com\/index.php\/product\/vegan-kinoa-salatasi\/","title":{"rendered":"Vegan: Kinoa Salatas\u0131"},"content":{"rendered":"","protected":false},"excerpt":{"rendered":"<p>Kinoa Salatas\u0131<br \/>\nLimon ve zeytinya\u011f\u0131 ile harmanlanm\u0131\u015f mevsim<br \/>\nye\u015fillikleri, siyah kinoa, roka, ye\u015fil elma dilimleri,<br \/>\nkiraz domates, k\u0131rm\u0131z\u0131 lahana tur\u015fusu, avokado,<br \/>\nsalatal\u0131k yan\u0131nda yaprak galeta ile.<\/p>\n","protected":false},"featured_media":2975,"comment_status":"closed","ping_status":"closed","template":"","meta":{"_acf_changed":false,"inline_featured_image":false},"product_brand":[],"product_cat":[120],"product_tag":[384,385],"class_list":{"0":"post-2974","1":"product","2":"type-product","3":"status-publish","4":"has-post-thumbnail","6":"product_cat-salatalar-vegan","7":"product_tag-kinoa-salatasi","8":"product_tag-mevsim-yesillikleri","10":"first","11":"instock","12":"shipping-taxable","13":"product-type-simple"},"acf":[],"_links":{"self":[{"href":"http:\/\/www.madoantepia.com\/index.php\/wp-json\/wp\/v2\/product\/2974","targetHints":{"allow":["GET"]}}],"collection":[{"href":"http:\/\/www.madoantepia.com\/index.php\/wp-json\/wp\/v2\/product"}],"about":[{"href":"http:\/\/www.madoantepia.com\/index.php\/wp-json\/wp\/v2\/types\/product"}],"replies":[{"embeddable":true,"href":"http:\/\/www.madoantepia.com\/index.php\/wp-json\/wp\/v2\/comments?post=2974"}],"wp:featuredmedia":[{"embeddable":true,"href":"http:\/\/www.madoantepia.com\/index.php\/wp-json\/wp\/v2\/media\/2975"}],"wp:attachment":[{"href":"http:\/\/www.madoantepia.com\/index.php\/wp-json\/wp\/v2\/media?parent=2974"}],"wp:term":[{"taxonomy":"product_brand","embeddable":true,"href":"http:\/\/www.madoantepia.com\/index.php\/wp-json\/wp\/v2\/product_brand?post=2974"},{"taxonomy":"product_cat","embeddable":true,"href":"http:\/\/www.madoantepia.com\/index.php\/wp-json\/wp\/v2\/product_cat?post=2974"},{"taxonomy":"product_tag","embeddable":true,"href":"http:\/\/www.madoantepia.com\/index.php\/wp-json\/wp\/v2\/product_tag?post=2974"}],"curies":[{"name":"wp","href":"https:\/\/api.w.org\/{rel}","templated":true}]}}