{"id":2538,"date":"2026-03-06T13:45:54","date_gmt":"2026-03-06T13:45:54","guid":{"rendered":"http:\/\/www.madoantepia.com\/?page_id=2538"},"modified":"2026-03-06T14:22:39","modified_gmt":"2026-03-06T14:22:39","slug":"antepia-mado-hakkimizda","status":"publish","type":"page","link":"https:\/\/www.madoantepia.com\/index.php\/antepia-mado-hakkimizda\/","title":{"rendered":"Hakk\u0131m\u0131zda"},"content":{"rendered":"\t\t<div data-elementor-type=\"wp-page\" data-elementor-id=\"2538\" class=\"elementor elementor-2538\" data-elementor-post-type=\"page\">\n\t\t\t\t\t\t<section class=\"elementor-section elementor-top-section elementor-element elementor-element-66fc807 elementor-section-full_width elementor-section-height-default elementor-section-height-default\" data-id=\"66fc807\" data-element_type=\"section\" data-e-type=\"section\">\n\t\t\t\t\t\t<div class=\"elementor-container elementor-column-gap-no\">\n\t\t\t\t\t<div class=\"elementor-column elementor-col-100 elementor-top-column elementor-element elementor-element-4a5d255\" data-id=\"4a5d255\" data-element_type=\"column\" data-e-type=\"column\">\n\t\t\t<div class=\"elementor-widget-wrap elementor-element-populated\">\n\t\t\t\t\t\t<div class=\"elementor-element elementor-element-ef7fa22 elementor-widget elementor-widget-starbelly-intro\" data-id=\"ef7fa22\" data-element_type=\"widget\" data-e-type=\"widget\" data-widget_type=\"starbelly-intro.default\">\n\t\t\t\t<div class=\"elementor-widget-container\">\n\t\t\t\t\t\n\t\t<!-- banner -->\n\t\t<section class=\"sb-banner sb-banner-xs sb-banner-color\">\n\t\t\t<div class=\"container\">\n\t\t\t\t<div class=\"row\">\n\t\t\t\t\t<div class=\"col-lg-12\">\n\t\t\t\t\t\t<!-- main title -->\n\t\t\t\t\t\t<div class=\"sb-main-title-frame\">\n\t\t\t\t\t\t\t<div class=\"sb-main-title\">\n\t\t\t\t\t\t\t\t\t\t\t\t\t\t\t\t\t\t\t\t\t\t\t\t<h1 class=\"sb-title-el sb-h2\">\n\t\t\t\t\t\t\t\t\t<span >\n\t\t\t\t\t          Hakk\u0131m\u0131zda\t\t\t\t\t        <\/span>\n\t\t\t\t\t\t\t\t<\/h1>\n\t\t\t\t\t\t\t\t\t\t\t\t\t\t\t\t\t\t\t\t\t\t\t\t\t\t\t\t\t\t\t\t<ul class=\"sb-breadcrumbs\"><li><a href=\"https:\/\/www.madoantepia.com\" title=\"Antepia Mado\">Home<\/a><\/li><li class=\"sb-active\"><a ><\/a><\/li><\/ul>\t\t\t\t\t\t\t\t\t\t\t\t\t\t\t<\/div>\n\t\t\t\t\t\t<\/div>\n\t\t\t\t\t\t<!-- main title end -->\n\t\t\t\t\t<\/div>\n\t\t\t\t<\/div>\n\t\t\t<\/div>\n\t\t<\/section>\n\t\t<!-- banner end -->\n\n\t\t\t\t\t\t<\/div>\n\t\t\t\t<\/div>\n\t\t\t\t\t<\/div>\n\t\t<\/div>\n\t\t\t\t\t<\/div>\n\t\t<\/section>\n\t\t\t\t<section class=\"elementor-section elementor-top-section elementor-element elementor-element-66d7733 elementor-section-full_width elementor-section-height-default elementor-section-height-default\" data-id=\"66d7733\" data-element_type=\"section\" data-e-type=\"section\">\n\t\t\t\t\t\t<div class=\"elementor-container elementor-column-gap-default\">\n\t\t\t\t\t<div class=\"elementor-column elementor-col-100 elementor-top-column elementor-element elementor-element-270981d\" data-id=\"270981d\" data-element_type=\"column\" data-e-type=\"column\">\n\t\t\t<div class=\"elementor-widget-wrap\">\n\t\t\t\t\t\t\t<\/div>\n\t\t<\/div>\n\t\t\t\t\t<\/div>\n\t\t<\/section>\n\t\t\t\t<section class=\"elementor-section elementor-top-section elementor-element elementor-element-2726150 elementor-section-full_width elementor-section-height-default elementor-section-height-default\" data-id=\"2726150\" data-element_type=\"section\" data-e-type=\"section\">\n\t\t\t\t\t\t<div class=\"elementor-container elementor-column-gap-no\">\n\t\t\t\t\t<div class=\"elementor-column elementor-col-100 elementor-top-column elementor-element elementor-element-8defe0b\" data-id=\"8defe0b\" data-element_type=\"column\" data-e-type=\"column\">\n\t\t\t<div class=\"elementor-widget-wrap elementor-element-populated\">\n\t\t\t\t\t\t<div class=\"elementor-element elementor-element-987845b elementor-widget elementor-widget-starbelly-about-us\" data-id=\"987845b\" data-element_type=\"widget\" data-e-type=\"widget\" data-widget_type=\"starbelly-about-us.default\">\n\t\t\t\t<div class=\"elementor-widget-container\">\n\t\t\t\t\t\n    <!-- About text -->\n    <section class=\"sb-about-text sb-p-90-0\">\n\t\t\t\t\t\t\t\t\t<div class=\"sb-bg-2\" style=\"margin-top: 90px\">\n\t\t\t\t<div><\/div>\n\t\t\t<\/div>\n\t\t\t\n\t\t\t<div class=\"container\">\n        <div class=\"row\">\n          <div class=\"col-lg-6 align-self-center\">\n            <div class=\"sb-illustration-2 sb-mb-90\">\n                            <div class=\"sb-interior-frame\">\n                <img decoding=\"async\" src=\"https:\/\/www.madoantepia.com\/wp-content\/uploads\/2026\/03\/hakkimizda_antepia_mado_dis_bina_06032026_1632-950x1425.png\" alt=\"image\" class=\"sb-interior\" style=\"object-position: center\">\n              <\/div>\n              \n                            <div class=\"sb-square\"><\/div>\n              \n              \n                            <div class=\"sb-experience\">\n                <div class=\"sb-exp-content\">\n                  <p class=\"sb-h1 sb-mb-10\">\n                    <span >\n              \t\t\t\t27              \t\t\t<\/span>\n                  <\/p>\n                                    <p class=\"sb-h3\">\n                    <span >\n              \t\t\t\tLezzet ve huzur bir arada              \t\t\t<\/span>\n                  <\/p>\n                                  <\/div>\n              <\/div>\n                          <\/div>\n          <\/div>\n          <div class=\"col-lg-6 align-self-center sb-mb-60\">\n                        <h2 class=\"sb-mb-60\">\n              <span >\n        \t\t\t\tG\u00f6l kenar\u0131nda lezzet, huzur ve keyif bir arada.        \t\t\t<\/span>\n            <\/h2>\n                                    <div class=\"sb-text sb-mb-30\">\n              <div >\n        \t\t\t  <p>Antepia Mado, zengin men\u00fc \u00e7e\u015fitlili\u011fini g\u00f6l manzaras\u0131n\u0131n sakin atmosferiyle bulu\u015fturan \u00f6zel bir ya\u015fam alan\u0131d\u0131r. Kahvalt\u0131dan ana yemeklere, tatl\u0131lardan dondurmaya ve \u00e7ocuklara \u00f6zel se\u00e7eneklere kadar her detay; ailelerin keyifle vakit ge\u00e7irebilmesi i\u00e7in \u00f6zenle d\u00fc\u015f\u00fcn\u00fclm\u00fc\u015ft\u00fcr.<\/p>        \t\t\t<\/div>\n            <\/div>\n                                    <img decoding=\"async\" src=\"https:\/\/www.madoantepia.com\/wp-content\/uploads\/2026\/03\/site_logo_imza_06032026_02.png\" alt=\"image\" class=\"sb-signature sb-mb-30\">\n                      <\/div>\n        <\/div>\n      <\/div>\n    <\/section>\n    <!-- About text end -->\n\n\t\t\t\t\t\t<\/div>\n\t\t\t\t<\/div>\n\t\t\t\t<div class=\"elementor-element elementor-element-2d0d1b0 elementor-widget elementor-widget-starbelly-features-2\" data-id=\"2d0d1b0\" data-element_type=\"widget\" data-e-type=\"widget\" data-widget_type=\"starbelly-features-2.default\">\n\t\t\t\t<div class=\"elementor-widget-container\">\n\t\t\t\t\t\n\t\t<!-- features -->\n\t\t<section class=\"sb-features sb-p-0-30\">\n\t\t\t<div class=\"container\">\n\t\t\t\t\t\t\t\t<div class=\"row\">\n\t\t\t\t\t\t\t\t\t\t<div class=\"col-lg-4\">\n\t\t\t\t\t\t<div class=\"sb-features-item sb-mb-60\">\n\t\t\t\t\t\t\t\t\t\t\t\t\t\t<div class=\"sb-number\">\n\t\t\t\t\t\t\t\t<span >\n\t\t\t\t\t\t\t\t\t01\t\t\t\t\t\t\t\t<\/span>\n\t\t\t\t\t\t\t<\/div>\n\t\t\t\t\t\t\t\t\t\t\t\t\t\t<div class=\"sb-feature-text\">\n\t\t\t\t\t\t\t\t\t\t\t\t\t\t\t\t<h3 class=\"sb-mb-15\">\n\t\t\t\t\t\t\t\t\t<span >\n\t\t\t\t\t\t\t\t\t\tZengin Men\u00fc \u00c7e\u015fitlili\u011fi\t\t\t\t\t\t\t\t\t<\/span>\n\t\t\t\t\t\t\t\t<\/h3>\n\t\t\t\t\t\t\t\t\t\t\t\t\t\t\t\t\t\t\t\t\t\t\t\t<div class=\"sb-text\">\n\t\t\t\t\t\t\t\t\t<div >\n\t\t\t\t\t\t\t\t\t\t<p>Kahvalt\u0131dan ana yemeklere, tatl\u0131lardan i\u00e7eceklere kadar her zevke hitap eden \u00f6zel se\u00e7enekler.<\/p>\t\t\t\t\t\t\t\t\t<\/div>\n\t\t\t\t\t\t\t\t<\/div>\n\t\t\t\t\t\t\t\t\t\t\t\t\t\t\t<\/div>\n\t\t\t\t\t\t<\/div>\n\t\t\t\t\t<\/div>\n\t\t\t\t\t\t\t\t\t\t<div class=\"col-lg-4\">\n\t\t\t\t\t\t<div class=\"sb-features-item sb-mb-60\">\n\t\t\t\t\t\t\t\t\t\t\t\t\t\t<div class=\"sb-number\">\n\t\t\t\t\t\t\t\t<span >\n\t\t\t\t\t\t\t\t\t02\t\t\t\t\t\t\t\t<\/span>\n\t\t\t\t\t\t\t<\/div>\n\t\t\t\t\t\t\t\t\t\t\t\t\t\t<div class=\"sb-feature-text\">\n\t\t\t\t\t\t\t\t\t\t\t\t\t\t\t\t<h3 class=\"sb-mb-15\">\n\t\t\t\t\t\t\t\t\t<span >\n\t\t\t\t\t\t\t\t\t\tG\u00f6l Kenar\u0131nda Huzurlu Atmosfer\t\t\t\t\t\t\t\t\t<\/span>\n\t\t\t\t\t\t\t\t<\/h3>\n\t\t\t\t\t\t\t\t\t\t\t\t\t\t\t\t\t\t\t\t\t\t\t\t<div class=\"sb-text\">\n\t\t\t\t\t\t\t\t\t<div >\n\t\t\t\t\t\t\t\t\t\t<p>Ferah manzara ve sakin ortam\u0131yla, lezzeti keyifli bir deneyime d\u00f6n\u00fc\u015ft\u00fcren \u00f6zel bir bulu\u015fma noktas\u0131.<\/p>\t\t\t\t\t\t\t\t\t<\/div>\n\t\t\t\t\t\t\t\t<\/div>\n\t\t\t\t\t\t\t\t\t\t\t\t\t\t\t<\/div>\n\t\t\t\t\t\t<\/div>\n\t\t\t\t\t<\/div>\n\t\t\t\t\t\t\t\t\t\t<div class=\"col-lg-4\">\n\t\t\t\t\t\t<div class=\"sb-features-item sb-mb-60\">\n\t\t\t\t\t\t\t\t\t\t\t\t\t\t<div class=\"sb-number\">\n\t\t\t\t\t\t\t\t<span >\n\t\t\t\t\t\t\t\t\t03\t\t\t\t\t\t\t\t<\/span>\n\t\t\t\t\t\t\t<\/div>\n\t\t\t\t\t\t\t\t\t\t\t\t\t\t<div class=\"sb-feature-text\">\n\t\t\t\t\t\t\t\t\t\t\t\t\t\t\t\t<h3 class=\"sb-mb-15\">\n\t\t\t\t\t\t\t\t\t<span >\n\t\t\t\t\t\t\t\t\t\tAile ve \u00c7ocuk Dostu\t\t\t\t\t\t\t\t\t<\/span>\n\t\t\t\t\t\t\t\t<\/h3>\n\t\t\t\t\t\t\t\t\t\t\t\t\t\t\t\t\t\t\t\t\t\t\t\t<div class=\"sb-text\">\n\t\t\t\t\t\t\t\t\t<div >\n\t\t\t\t\t\t\t\t\t\t<p>Aileler i\u00e7in konforlu, \u00e7ocuklar i\u00e7in keyifli ve herkes i\u00e7in uygun alternatifler sunan s\u0131cak bir ortam.<\/p>\t\t\t\t\t\t\t\t\t<\/div>\n\t\t\t\t\t\t\t\t<\/div>\n\t\t\t\t\t\t\t\t\t\t\t\t\t\t\t<\/div>\n\t\t\t\t\t\t<\/div>\n\t\t\t\t\t<\/div>\n\t\t\t\t\t\t\t\t\t\t<div class=\"col-lg-4\">\n\t\t\t\t\t\t<div class=\"sb-features-item sb-mb-60\">\n\t\t\t\t\t\t\t\t\t\t\t\t\t\t<div class=\"sb-number\">\n\t\t\t\t\t\t\t\t<span >\n\t\t\t\t\t\t\t\t\t04\t\t\t\t\t\t\t\t<\/span>\n\t\t\t\t\t\t\t<\/div>\n\t\t\t\t\t\t\t\t\t\t\t\t\t\t<div class=\"sb-feature-text\">\n\t\t\t\t\t\t\t\t\t\t\t\t\t\t\t\t<h3 class=\"sb-mb-15\">\n\t\t\t\t\t\t\t\t\t<span >\n\t\t\t\t\t\t\t\t\t\tKaliteli Lezzet ve Sunum\t\t\t\t\t\t\t\t\t<\/span>\n\t\t\t\t\t\t\t\t<\/h3>\n\t\t\t\t\t\t\t\t\t\t\t\t\t\t\t\t\t\t\t\t\t\t\t\t<div class=\"sb-text\">\n\t\t\t\t\t\t\t\t\t<div >\n\t\t\t\t\t\t\t\t\t\t<p>\u00d6zenle haz\u0131rlanan tatlar, kaliteli \u00fcr\u00fcnler ve \u015f\u0131k sunumlarla her ziyaret daha \u00f6zel hale gelir.<\/p>\t\t\t\t\t\t\t\t\t<\/div>\n\t\t\t\t\t\t\t\t<\/div>\n\t\t\t\t\t\t\t\t\t\t\t\t\t\t\t<\/div>\n\t\t\t\t\t\t<\/div>\n\t\t\t\t\t<\/div>\n\t\t\t\t\t\t\t\t\t\t<div class=\"col-lg-4\">\n\t\t\t\t\t\t<div class=\"sb-features-item sb-mb-60\">\n\t\t\t\t\t\t\t\t\t\t\t\t\t\t<div class=\"sb-number\">\n\t\t\t\t\t\t\t\t<span >\n\t\t\t\t\t\t\t\t\t05\t\t\t\t\t\t\t\t<\/span>\n\t\t\t\t\t\t\t<\/div>\n\t\t\t\t\t\t\t\t\t\t\t\t\t\t<div class=\"sb-feature-text\">\n\t\t\t\t\t\t\t\t\t\t\t\t\t\t\t\t<h3 class=\"sb-mb-15\">\n\t\t\t\t\t\t\t\t\t<span >\n\t\t\t\t\t\t\t\t\t\tG\u00fcn\u00fcn Her An\u0131na Uygun\t\t\t\t\t\t\t\t\t<\/span>\n\t\t\t\t\t\t\t\t<\/h3>\n\t\t\t\t\t\t\t\t\t\t\t\t\t\t\t\t\t\t\t\t\t\t\t\t<div class=\"sb-text\">\n\t\t\t\t\t\t\t\t\t<div >\n\t\t\t\t\t\t\t\t\t\t<p>Kahvalt\u0131dan tatl\u0131 molas\u0131na, dost bulu\u015fmalar\u0131ndan aile sofralar\u0131na kadar g\u00fcn\u00fcn her an\u0131na e\u015flik eder.<\/p>\t\t\t\t\t\t\t\t\t<\/div>\n\t\t\t\t\t\t\t\t<\/div>\n\t\t\t\t\t\t\t\t\t\t\t\t\t\t\t<\/div>\n\t\t\t\t\t\t<\/div>\n\t\t\t\t\t<\/div>\n\t\t\t\t\t\t\t\t\t<\/div>\n\t\t\t\t\t\t\t<\/div>\n\t\t<\/section>\n\t\t<!-- features end -->\n\n\t\t\t\t\t\t<\/div>\n\t\t\t\t<\/div>\n\t\t\t\t\t<\/div>\n\t\t<\/div>\n\t\t\t\t\t<\/div>\n\t\t<\/section>\n\t\t\t\t<section class=\"elementor-section elementor-top-section elementor-element elementor-element-fab2934 elementor-section-full_width elementor-section-height-default elementor-section-height-default\" data-id=\"fab2934\" data-element_type=\"section\" data-e-type=\"section\">\n\t\t\t\t\t\t<div class=\"elementor-container elementor-column-gap-no\">\n\t\t\t\t\t<div class=\"elementor-column elementor-col-100 elementor-top-column elementor-element elementor-element-55567f2\" data-id=\"55567f2\" data-element_type=\"column\" data-e-type=\"column\">\n\t\t\t<div class=\"elementor-widget-wrap elementor-element-populated\">\n\t\t\t\t\t\t<div class=\"elementor-element elementor-element-304a4c7 elementor-widget elementor-widget-starbelly-promo-video\" data-id=\"304a4c7\" data-element_type=\"widget\" data-e-type=\"widget\" data-widget_type=\"starbelly-promo-video.default\">\n\t\t\t\t<div class=\"elementor-widget-container\">\n\t\t\t\t\t\n\t\t<!-- video -->\n\t\t<section class=\"sb-video\">\n\t\t\t<div class=\"container\">\n\t\t\t\t<div class=\"row align-items-center\">\n\t\t\t\t\t<div class=\"col-lg-6\">\n\t\t\t\t\t\t<div class=\"sb-mb-90\">\n\t\t\t\t\t\t\t\t\t\t\t\t\t\t<span class=\"sb-suptitle sb-mb-15\">\n\t\t\t\t\t\t\t\t<span >\n\t        \t\t\t\tAntepia Deneyimi\t        \t\t\t<\/span>\n\t\t\t\t\t\t\t<\/span>\n\t\t\t\t\t\t\t\t\t\t\t\t\t\t\t\t\t\t\t\t\t<h2 class=\"sb-mb-30\">\n\t\t\t\t\t\t\t\t<span >\n\t        \t\t\t\tG\u00f6l kenar\u0131nda lezzet, huzur ve keyif bir arada.\t        \t\t\t<\/span>\n\t\t\t\t\t\t\t<\/h2>\n\t\t\t\t\t\t\t\t\t\t\t\t\t\t\t\t\t\t\t\t\t<div class=\"sb-text sb-mb-30\">\n\t\t\t\t\t\t\t\t<div >\n\t        \t\t\t\t<p>Antepia Mado\u2019da her ziyaret, \u00f6zenle haz\u0131rlanm\u0131\u015f lezzetler ve sakin atmosferle \u00f6zel bir ana d\u00f6n\u00fc\u015f\u00fcr. Ailenizle kahvalt\u0131dan tatl\u0131 molas\u0131na, dostlar\u0131n\u0131zla keyifli bulu\u015fmalardan \u00e7ocuklarla ge\u00e7irilen g\u00fczel anlara kadar her detay burada huzurla tamamlan\u0131r.<\/p>\t        \t\t\t<\/div>\n\t\t\t\t\t\t\t<\/div>\n\t\t\t\t\t\t\t\t\t\t\t\t\t\t\t\t\t\t\t\t\t<!-- button -->\n\t\t\t\t\t\t\t<a data-magnific-video data-no-swup href=\"http:\/\/www.madoantepia.com\/wp-content\/uploads\/2026\/03\/site_video_06032026.mp4\" class=\"sb-btn\">\n\t\t\t\t\t\t\t\t<span class=\"sb-icon\">\n\t\t\t\t\t\t\t\t\t<span class=\"sb-icon-play\"><\/span>\n\t\t\t\t\t\t\t\t<\/span>\n\t\t\t\t\t\t\t\t<span >\n\t        \t\t\t\tVideoyu \u0130zle\t        \t\t\t<\/span>\n\t\t\t\t\t\t\t<\/a>\n\t\t\t\t\t\t\t<!-- button end -->\n\t\t\t\t\t\t\t\t\t\t\t\t\t<\/div>\n\t\t\t\t\t<\/div>\n\t\t\t\t\t<div class=\"col-lg-6 align-self-center\">\n\t\t\t\t\t\t<div class=\"sb-illustration-7 sb-mb-90\">\n\t\t\t\t\t\t\t<div class=\"sb-interior-frame\">\n\t\t\t\t\t\t\t\t\t\t\t\t\t\t\t\t<img decoding=\"async\" src=\"https:\/\/www.madoantepia.com\/wp-content\/uploads\/2026\/03\/Multi-Screen-01_10-950x534.jpg\" alt=\"Antepia Deneyimi\" class=\"sb-interior\" \/>\n\t\t\t\t\t\t\t\t\t\t\t\t\t\t\t\t\t\t\t\t\t\t\t\t<a data-magnific-video data-no-swup href=\"http:\/\/www.madoantepia.com\/wp-content\/uploads\/2026\/03\/site_video_06032026.mp4\" class=\"sb-video-play\"><i class=\"fas fa-play\"><\/i><\/a>\n\t\t\t\t\t\t\t\t\t\t\t\t\t\t\t<\/div>\n\n\t\t\t\t\t\t\t\t\t\t\t\t\t<\/div>\n\t\t\t\t\t<\/div>\n\t\t\t\t<\/div>\n\t\t\t<\/div>\n\t\t<\/section>\n\t\t<!-- video end -->\n\n\t\t\t\t\t\t<\/div>\n\t\t\t\t<\/div>\n\t\t\t\t\t<\/div>\n\t\t<\/div>\n\t\t\t\t\t<\/div>\n\t\t<\/section>\n\t\t\t\t<section class=\"elementor-section elementor-top-section elementor-element elementor-element-ec65783 elementor-section-full_width elementor-section-height-default elementor-section-height-default\" data-id=\"ec65783\" data-element_type=\"section\" data-e-type=\"section\">\n\t\t\t\t\t\t<div class=\"elementor-container elementor-column-gap-no\">\n\t\t\t\t\t<div class=\"elementor-column elementor-col-100 elementor-top-column elementor-element elementor-element-1b4cff8\" data-id=\"1b4cff8\" data-element_type=\"column\" data-e-type=\"column\">\n\t\t\t<div class=\"elementor-widget-wrap elementor-element-populated\">\n\t\t\t\t\t\t<div class=\"elementor-element elementor-element-b30d528 elementor-widget elementor-widget-starbelly-testimonials\" data-id=\"b30d528\" data-element_type=\"widget\" data-e-type=\"widget\" data-widget_type=\"starbelly-testimonials.default\">\n\t\t\t\t<div class=\"elementor-widget-container\">\n\t\t\t\t\t\n    <!-- revievs -->\n    <section class=\"sb-reviews sb-p-0-90\">\n      <div class=\"container\">\n        \t\t\t\t<div class=\"sb-group-title sb-mb-30\">\n\t\t\t\t\t\t\t\t\t\t<div class=\"sb-left sb-mb-30\">\n\t\t\t\t\t\t\t\t\t\t\t\t<h2 class=\"sb-title--h sb-mb-30\">\n\t\t\t\t\t\t\t<span >\n\t\t\t\t\t\t\t\tMisafirlerimiz  <span>Ne <\/span> Diyor?\t\t\t\t\t\t\t<\/span>\n\t\t\t\t\t\t<\/h2>\n\t\t\t\t\t\t\t\t\t\t\t\t\t\t\t\t\t\t<p class=\"sb-text\">\n\t\t\t\t\t\t\t<span >\n\t\t\t\t\t\t\t\tAntepia Mado\u2019da ya\u015fanan keyifli anlar, misafirlerimizin<br> yorumlar\u0131nda kar\u015f\u0131l\u0131\u011f\u0131n\u0131 buluyor.\t\t\t\t\t\t\t<\/span>\n\t\t\t\t\t\t<\/p>\n\t\t\t\t\t\t\t\t\t\t\t<\/div>\n\t\t\t\t\t\t\t\t\t\t\t\t\t\t\t<div class=\"sb-right sb-mb-30\">\n            <!-- slider navigation -->\n            <div class=\"sb-slider-nav\">\n              <div class=\"sb-prev-btn sb-reviews-prev\"><i class=\"fas fa-arrow-left\"><\/i><\/div>\n              <div class=\"sb-next-btn sb-reviews-next\"><i class=\"fas fa-arrow-right\"><\/i><\/div>\n            <\/div>\n            <!-- slider navigation end -->\n            <!-- button -->\n\t\t\t\t\t\t<a href=\"#\" class=\"sb-btn sb-m-0\">\n\t\t\t\t\t\t\t<span class=\"sb-icon\">\n\t\t\t\t\t\t\t\t<span class=\"sb-icon-dialog\"><\/span>\n\t\t\t\t\t\t\t<\/span>\n\t\t\t\t\t\t\t<span >\n\t\t\t\t\t\t\t\tT\u00fcm Yorumlar\t\t\t\t\t\t\t<\/span>\n\t\t\t\t\t\t<\/a>\n\t\t\t\t\t\t<!-- button end -->\n\t\t\t\t\t<\/div>\n\t\t\t\t\t\t\t\t\t<\/div>\n\t\t\t\t\n                <div class=\"swiper-container sb-reviews-slider\">\n          <div class=\"swiper-wrapper\">\n                        <div class=\"swiper-slide\">\n              <div class=\"sb-review-card\">\n                <div class=\"sb-review-header sb-mb-15\">\n                                    <h4 class=\"sb-mb-15\">\n                    <span >\n                      \u00c7ok nezih bir yer                    <\/span>\n                  <\/h4>\n                                                      <ul class=\"sb-stars\">\n                                \t\t\t\t<li><i class=\"fas fa-star\"><\/i><\/li>\n            \t\t\t\t            \t\t\t\t<li><i class=\"fas fa-star\"><\/i><\/li>\n            \t\t\t\t            \t\t\t\t<li><i class=\"fas fa-star\"><\/i><\/li>\n            \t\t\t\t            \t\t\t\t<li><i class=\"fas fa-star\"><\/i><\/li>\n            \t\t\t\t            \t\t\t\t<li><i class=\"fas fa-star\"><\/i><\/li>\n            \t\t\t\t            \t\t\t\t<li><i class=\"fas fa-star\"><\/i><\/li>\n            \t\t\t\t                  <\/ul>\n                                  <\/div>\n                                <p class=\"sb-text sb-mb-15\">\n                  <span >\n                    \u00c7ok nezih bir yer ayr\u0131ca hizmeti de a\u015f\u0131r\u0131 g\u00fczel\nYiyecek: 5\/5Hizmet: 5\/5Atmosfer: 5\/5\nBekleme s\u00fcresi\nBeklemek gerekmiyor\nOturma alan\u0131 t\u00fcr\u00fc\nKapal\u0131 yemek alan\u0131, A\u00e7\u0131k hava verandas\u0131\/teras\u0131, Koltuklu oturma alanlar\u0131                  <\/span>\n                <\/p>\n                                <div class=\"sb-author-frame\">\n                                    <div class=\"sb-avatar-frame\">\n                    <img decoding=\"async\" src=\"https:\/\/www.madoantepia.com\/wp-content\/uploads\/2026\/03\/site_yorum_avatar_02.png\" alt=\"A****T*****\" \/>\n                  <\/div>\n                                                      <h4>\n                    <span >\n                      A****T*****                    <\/span>\n                  <\/h4>\n                                  <\/div>\n              <\/div>\n            <\/div>\n                        <div class=\"swiper-slide\">\n              <div class=\"sb-review-card\">\n                <div class=\"sb-review-header sb-mb-15\">\n                                    <h4 class=\"sb-mb-15\">\n                    <span >\n                      G\u00f6l manzaral\u0131                    <\/span>\n                  <\/h4>\n                                                      <ul class=\"sb-stars\">\n                                \t\t\t\t<li><i class=\"fas fa-star\"><\/i><\/li>\n            \t\t\t\t            \t\t\t\t<li><i class=\"fas fa-star\"><\/i><\/li>\n            \t\t\t\t            \t\t\t\t<li><i class=\"fas fa-star\"><\/i><\/li>\n            \t\t\t\t            \t\t\t\t<li><i class=\"fas fa-star\"><\/i><\/li>\n            \t\t\t\t            \t\t\t\t<li><i class=\"fas fa-star\"><\/i><\/li>\n            \t\t\t\t            \t\t\t\t<li><i class=\"fas fa-star\"><\/i><\/li>\n            \t\t\t\t                  <\/ul>\n                                  <\/div>\n                                <p class=\"sb-text sb-mb-15\">\n                  <span >\n                    G\u00f6l manzaral\u0131 \u00fcr\u00fcn kalitesi ve hizmetiyle \u00e7ok g\u00fczel bir mekan                  <\/span>\n                <\/p>\n                                <div class=\"sb-author-frame\">\n                                    <div class=\"sb-avatar-frame\">\n                    <img decoding=\"async\" src=\"https:\/\/www.madoantepia.com\/wp-content\/uploads\/2026\/03\/site_yorum_avatar_02.png\" alt=\" \u00d6*****G*****\" \/>\n                  <\/div>\n                                                      <h4>\n                    <span >\n                       \u00d6*****G*****                    <\/span>\n                  <\/h4>\n                                  <\/div>\n              <\/div>\n            <\/div>\n                        <div class=\"swiper-slide\">\n              <div class=\"sb-review-card\">\n                <div class=\"sb-review-header sb-mb-15\">\n                                    <h4 class=\"sb-mb-15\">\n                    <span >\n                      Sessiz                    <\/span>\n                  <\/h4>\n                                                      <ul class=\"sb-stars\">\n                                \t\t\t\t<li><i class=\"fas fa-star\"><\/i><\/li>\n            \t\t\t\t            \t\t\t\t<li><i class=\"fas fa-star\"><\/i><\/li>\n            \t\t\t\t            \t\t\t\t<li><i class=\"fas fa-star\"><\/i><\/li>\n            \t\t\t\t            \t\t\t\t<li><i class=\"fas fa-star\"><\/i><\/li>\n            \t\t\t\t            \t\t\t\t<li><i class=\"fas fa-star\"><\/i><\/li>\n            \t\t\t\t            \t\t\t\t<li><i class=\"fas fa-star\"><\/i><\/li>\n            \t\t\t\t                  <\/ul>\n                                  <\/div>\n                                <p class=\"sb-text sb-mb-15\">\n                  <span >\n                    Yiyecek: 5\/5Hizmet: 5\/5Atmosfer: 5\/5\nG\u00fcr\u00fclt\u00fc seviyesi\nSessiz, konu\u015fmas\u0131 kolay\nGrup b\u00fcy\u00fckl\u00fc\u011f\u00fc\n3-4 ki\u015fi\nBekleme s\u00fcresi\nBeklemek gerekmiyor                  <\/span>\n                <\/p>\n                                <div class=\"sb-author-frame\">\n                                    <div class=\"sb-avatar-frame\">\n                    <img decoding=\"async\" src=\"https:\/\/www.madoantepia.com\/wp-content\/uploads\/2026\/03\/site_yorum_avatar_02.png\" alt=\"E*********K**********\" \/>\n                  <\/div>\n                                                      <h4>\n                    <span >\n                      E*********K**********                    <\/span>\n                  <\/h4>\n                                  <\/div>\n              <\/div>\n            <\/div>\n                        <div class=\"swiper-slide\">\n              <div class=\"sb-review-card\">\n                <div class=\"sb-review-header sb-mb-15\">\n                                    <h4 class=\"sb-mb-15\">\n                    <span >\n                      G\u00fczel                     <\/span>\n                  <\/h4>\n                                                      <ul class=\"sb-stars\">\n                                \t\t\t\t<li><i class=\"fas fa-star\"><\/i><\/li>\n            \t\t\t\t            \t\t\t\t<li><i class=\"fas fa-star\"><\/i><\/li>\n            \t\t\t\t            \t\t\t\t<li><i class=\"fas fa-star\"><\/i><\/li>\n            \t\t\t\t            \t\t\t\t<li><i class=\"fas fa-star\"><\/i><\/li>\n            \t\t\t\t            \t\t\t\t<li><i class=\"fas fa-star\"><\/i><\/li>\n            \t\t\t\t            \t\t\t\t<li><i class=\"fas fa-star\"><\/i><\/li>\n            \t\t\t\t                  <\/ul>\n                                  <\/div>\n                                <p class=\"sb-text sb-mb-15\">\n                  <span >\n                    G\u00fczel kibar insanlar\u0131n oldu\u011fu yer \u00f6neririm                  <\/span>\n                <\/p>\n                                <div class=\"sb-author-frame\">\n                                    <div class=\"sb-avatar-frame\">\n                    <img decoding=\"async\" src=\"https:\/\/www.madoantepia.com\/wp-content\/uploads\/2026\/03\/site_yorum_avatar_02.png\" alt=\"Y****** K*****\" \/>\n                  <\/div>\n                                                      <h4>\n                    <span >\n                      Y****** K*****                    <\/span>\n                  <\/h4>\n                                  <\/div>\n              <\/div>\n            <\/div>\n                      <\/div>\n        <\/div>\n              <\/div>\n    <\/section>\n    <!-- revievs end -->\n\n\t\t\t\t\t\t<\/div>\n\t\t\t\t<\/div>\n\t\t\t\t\t<\/div>\n\t\t<\/div>\n\t\t\t\t\t<\/div>\n\t\t<\/section>\n\t\t\t\t<\/div>\n\t\t","protected":false},"excerpt":{"rendered":"<p>Hakk\u0131m\u0131zda Home 27 Lezzet ve huzur bir arada G\u00f6l kenar\u0131nda lezzet, huzur ve keyif bir arada. Antepia Mado, zengin men\u00fc.. <span class=\"sb-el-more\"><a href=\"https:\/\/www.madoantepia.com\/index.php\/antepia-mado-hakkimizda\/\" class=\"sb-btn\"><span class=\"sb-icon\"><span class=\"sb-icon-arrow\"><\/span><\/span><span>Read more<\/span><\/a><\/span><\/p>\n","protected":false},"author":1,"featured_media":0,"parent":0,"menu_order":0,"comment_status":"closed","ping_status":"closed","template":"template-layout-builder.php","meta":{"_acf_changed":false,"inline_featured_image":false,"footnotes":""},"class_list":["post-2538","page","type-page","status-publish","hentry"],"acf":[],"_links":{"self":[{"href":"https:\/\/www.madoantepia.com\/index.php\/wp-json\/wp\/v2\/pages\/2538","targetHints":{"allow":["GET"]}}],"collection":[{"href":"https:\/\/www.madoantepia.com\/index.php\/wp-json\/wp\/v2\/pages"}],"about":[{"href":"https:\/\/www.madoantepia.com\/index.php\/wp-json\/wp\/v2\/types\/page"}],"author":[{"embeddable":true,"href":"https:\/\/www.madoantepia.com\/index.php\/wp-json\/wp\/v2\/users\/1"}],"replies":[{"embeddable":true,"href":"https:\/\/www.madoantepia.com\/index.php\/wp-json\/wp\/v2\/comments?post=2538"}],"version-history":[{"count":22,"href":"https:\/\/www.madoantepia.com\/index.php\/wp-json\/wp\/v2\/pages\/2538\/revisions"}],"predecessor-version":[{"id":2569,"href":"https:\/\/www.madoantepia.com\/index.php\/wp-json\/wp\/v2\/pages\/2538\/revisions\/2569"}],"wp:attachment":[{"href":"https:\/\/www.madoantepia.com\/index.php\/wp-json\/wp\/v2\/media?parent=2538"}],"curies":[{"name":"wp","href":"https:\/\/api.w.org\/{rel}","templated":true}]}}