{"id":2376,"date":"2026-02-27T18:14:10","date_gmt":"2026-02-27T18:14:10","guid":{"rendered":"http:\/\/www.madoantepia.com\/?post_type=product&#038;p=2376"},"modified":"2026-03-12T13:15:46","modified_gmt":"2026-03-12T13:15:46","slug":"fistikli-tel-kadayifli-dovme-dondurma","status":"publish","type":"product","link":"https:\/\/www.madoantepia.com\/index.php\/product\/fistikli-tel-kadayifli-dovme-dondurma\/","title":{"rendered":"F\u0131st\u0131kl\u0131 Tel Kaday\u0131fl\u0131 D\u00f6vme Dondurma"},"content":{"rendered":"","protected":false},"excerpt":{"rendered":"<p>F\u0131st\u0131kl\u0131 Tel Kaday\u0131fl\u0131 D\u00f6vme Dondurma<br \/>\nF\u0131st\u0131kl\u0131 tel kaday\u0131f \u00fczerine sade d\u00f6vme dondurma (100 g.), toz f\u0131st\u0131k ile.<\/p>\n","protected":false},"featured_media":2377,"comment_status":"closed","ping_status":"closed","template":"","meta":{"_acf_changed":false,"inline_featured_image":false},"product_brand":[],"product_cat":[93],"product_tag":[149,151,150],"class_list":{"0":"post-2376","1":"product","2":"type-product","3":"status-publish","4":"has-post-thumbnail","6":"product_cat-dovme-dondurma-sunumlari","7":"product_tag-fistikli-kadayif","8":"product_tag-fistikli-tel-kadayifli-dondurma","9":"product_tag-kadayifli-dondumra","11":"first","12":"instock","13":"shipping-taxable","14":"product-type-simple"},"acf":[],"_links":{"self":[{"href":"https:\/\/www.madoantepia.com\/index.php\/wp-json\/wp\/v2\/product\/2376","targetHints":{"allow":["GET"]}}],"collection":[{"href":"https:\/\/www.madoantepia.com\/index.php\/wp-json\/wp\/v2\/product"}],"about":[{"href":"https:\/\/www.madoantepia.com\/index.php\/wp-json\/wp\/v2\/types\/product"}],"replies":[{"embeddable":true,"href":"https:\/\/www.madoantepia.com\/index.php\/wp-json\/wp\/v2\/comments?post=2376"}],"wp:featuredmedia":[{"embeddable":true,"href":"https:\/\/www.madoantepia.com\/index.php\/wp-json\/wp\/v2\/media\/2377"}],"wp:attachment":[{"href":"https:\/\/www.madoantepia.com\/index.php\/wp-json\/wp\/v2\/media?parent=2376"}],"wp:term":[{"taxonomy":"product_brand","embeddable":true,"href":"https:\/\/www.madoantepia.com\/index.php\/wp-json\/wp\/v2\/product_brand?post=2376"},{"taxonomy":"product_cat","embeddable":true,"href":"https:\/\/www.madoantepia.com\/index.php\/wp-json\/wp\/v2\/product_cat?post=2376"},{"taxonomy":"product_tag","embeddable":true,"href":"https:\/\/www.madoantepia.com\/index.php\/wp-json\/wp\/v2\/product_tag?post=2376"}],"curies":[{"name":"wp","href":"https:\/\/api.w.org\/{rel}","templated":true}]}}