{"id":2736,"date":"2026-03-12T19:10:39","date_gmt":"2026-03-12T19:10:39","guid":{"rendered":"http:\/\/www.madoantepia.com\/?post_type=product&#038;p=2736"},"modified":"2026-03-12T19:11:57","modified_gmt":"2026-03-12T19:11:57","slug":"burger-mado-burger","status":"publish","type":"product","link":"https:\/\/www.madoantepia.com\/index.php\/product\/burger-mado-burger\/","title":{"rendered":"Burger: MADO Burger"},"content":{"rendered":"","protected":false},"excerpt":{"rendered":"<p>MADO Burger<br \/>\nHamburger ekme\u011fi aras\u0131na burger k\u00f6ftesi, marul, domates, salatal\u0131k tur\u015fusu, kibrit patates yan\u0131nda mayonez, ket\u00e7ap, hardal, tatl\u0131-ac\u0131 sos, patates k\u0131zartmas\u0131 ve so\u011fan halkas\u0131 ile<\/p>\n","protected":false},"featured_media":2737,"comment_status":"closed","ping_status":"closed","template":"","meta":{"_acf_changed":false,"inline_featured_image":false},"product_brand":[],"product_cat":[123],"product_tag":[264,266,268,267],"class_list":{"0":"post-2736","1":"product","2":"type-product","3":"status-publish","4":"has-post-thumbnail","6":"product_cat-fast-food","7":"product_tag-burger","8":"product_tag-burger-koftesi","9":"product_tag-kibrit-patates","10":"product_tag-mado-burger","12":"first","13":"instock","14":"shipping-taxable","15":"product-type-simple"},"acf":[],"_links":{"self":[{"href":"https:\/\/www.madoantepia.com\/index.php\/wp-json\/wp\/v2\/product\/2736","targetHints":{"allow":["GET"]}}],"collection":[{"href":"https:\/\/www.madoantepia.com\/index.php\/wp-json\/wp\/v2\/product"}],"about":[{"href":"https:\/\/www.madoantepia.com\/index.php\/wp-json\/wp\/v2\/types\/product"}],"replies":[{"embeddable":true,"href":"https:\/\/www.madoantepia.com\/index.php\/wp-json\/wp\/v2\/comments?post=2736"}],"wp:featuredmedia":[{"embeddable":true,"href":"https:\/\/www.madoantepia.com\/index.php\/wp-json\/wp\/v2\/media\/2737"}],"wp:attachment":[{"href":"https:\/\/www.madoantepia.com\/index.php\/wp-json\/wp\/v2\/media?parent=2736"}],"wp:term":[{"taxonomy":"product_brand","embeddable":true,"href":"https:\/\/www.madoantepia.com\/index.php\/wp-json\/wp\/v2\/product_brand?post=2736"},{"taxonomy":"product_cat","embeddable":true,"href":"https:\/\/www.madoantepia.com\/index.php\/wp-json\/wp\/v2\/product_cat?post=2736"},{"taxonomy":"product_tag","embeddable":true,"href":"https:\/\/www.madoantepia.com\/index.php\/wp-json\/wp\/v2\/product_tag?post=2736"}],"curies":[{"name":"wp","href":"https:\/\/api.w.org\/{rel}","templated":true}]}}