{"id":2744,"date":"2026-03-12T19:24:11","date_gmt":"2026-03-12T19:24:11","guid":{"rendered":"http:\/\/www.madoantepia.com\/?post_type=product&#038;p=2744"},"modified":"2026-03-12T19:25:39","modified_gmt":"2026-03-12T19:25:39","slug":"pizza-sebzeli-pizza","status":"publish","type":"product","link":"https:\/\/www.madoantepia.com\/index.php\/product\/pizza-sebzeli-pizza\/","title":{"rendered":"Pizza: Sebzeli Pizza"},"content":{"rendered":"","protected":false},"excerpt":{"rendered":"<p>Sebzeli Pizza<br \/>\nDomates sos \u00fczerine mozzarella peyniri, domates, ye\u015fil biber, k\u0131rm\u0131z\u0131 kapya biber, mantar, m\u0131s\u0131r, kabak, patl\u0131can ve siyah zeytin ile.<\/p>\n","protected":false},"featured_media":2745,"comment_status":"closed","ping_status":"closed","template":"","meta":{"_acf_changed":false,"inline_featured_image":false},"product_brand":[],"product_cat":[123],"product_tag":[282,280,281,279],"class_list":{"0":"post-2744","1":"product","2":"type-product","3":"status-publish","4":"has-post-thumbnail","6":"product_cat-fast-food","7":"product_tag-gaziantep-fast-food","8":"product_tag-kirmizi-kapya-biber","9":"product_tag-mantarli-pizza","10":"product_tag-sebzeli-pizza","12":"first","13":"instock","14":"shipping-taxable","15":"product-type-simple"},"acf":[],"_links":{"self":[{"href":"https:\/\/www.madoantepia.com\/index.php\/wp-json\/wp\/v2\/product\/2744","targetHints":{"allow":["GET"]}}],"collection":[{"href":"https:\/\/www.madoantepia.com\/index.php\/wp-json\/wp\/v2\/product"}],"about":[{"href":"https:\/\/www.madoantepia.com\/index.php\/wp-json\/wp\/v2\/types\/product"}],"replies":[{"embeddable":true,"href":"https:\/\/www.madoantepia.com\/index.php\/wp-json\/wp\/v2\/comments?post=2744"}],"wp:featuredmedia":[{"embeddable":true,"href":"https:\/\/www.madoantepia.com\/index.php\/wp-json\/wp\/v2\/media\/2745"}],"wp:attachment":[{"href":"https:\/\/www.madoantepia.com\/index.php\/wp-json\/wp\/v2\/media?parent=2744"}],"wp:term":[{"taxonomy":"product_brand","embeddable":true,"href":"https:\/\/www.madoantepia.com\/index.php\/wp-json\/wp\/v2\/product_brand?post=2744"},{"taxonomy":"product_cat","embeddable":true,"href":"https:\/\/www.madoantepia.com\/index.php\/wp-json\/wp\/v2\/product_cat?post=2744"},{"taxonomy":"product_tag","embeddable":true,"href":"https:\/\/www.madoantepia.com\/index.php\/wp-json\/wp\/v2\/product_tag?post=2744"}],"curies":[{"name":"wp","href":"https:\/\/api.w.org\/{rel}","templated":true}]}}