{"id":2862,"date":"2026-04-19T09:57:47","date_gmt":"2026-04-19T09:57:47","guid":{"rendered":"https:\/\/www.madoantepia.com\/?post_type=product&#038;p=2862"},"modified":"2026-04-19T09:59:51","modified_gmt":"2026-04-19T09:59:51","slug":"kup-san-sebastian","status":"publish","type":"product","link":"https:\/\/www.madoantepia.com\/index.php\/product\/kup-san-sebastian\/","title":{"rendered":"Kup San Sebastian"},"content":{"rendered":"","protected":false},"excerpt":{"rendered":"<p>Kup San Sebastian<br \/>\nSade, karamelli dondurma, San Sebastian cheesecake, pirin\u00e7 f\u0131nd\u0131k,<br \/>\nkornet par\u00e7alar\u0131 ve mini kornette \u00e7ikolata sos ile.<\/p>\n","protected":false},"featured_media":2863,"comment_status":"closed","ping_status":"closed","template":"","meta":{"_acf_changed":false,"inline_featured_image":false},"product_brand":[],"product_cat":[102],"product_tag":[308],"class_list":{"0":"post-2862","1":"product","2":"type-product","3":"status-publish","4":"has-post-thumbnail","6":"product_cat-spesiyal-kuplar","7":"product_tag-dondurma-kup","9":"first","10":"instock","11":"shipping-taxable","12":"product-type-simple"},"acf":[],"_links":{"self":[{"href":"https:\/\/www.madoantepia.com\/index.php\/wp-json\/wp\/v2\/product\/2862","targetHints":{"allow":["GET"]}}],"collection":[{"href":"https:\/\/www.madoantepia.com\/index.php\/wp-json\/wp\/v2\/product"}],"about":[{"href":"https:\/\/www.madoantepia.com\/index.php\/wp-json\/wp\/v2\/types\/product"}],"replies":[{"embeddable":true,"href":"https:\/\/www.madoantepia.com\/index.php\/wp-json\/wp\/v2\/comments?post=2862"}],"wp:featuredmedia":[{"embeddable":true,"href":"https:\/\/www.madoantepia.com\/index.php\/wp-json\/wp\/v2\/media\/2863"}],"wp:attachment":[{"href":"https:\/\/www.madoantepia.com\/index.php\/wp-json\/wp\/v2\/media?parent=2862"}],"wp:term":[{"taxonomy":"product_brand","embeddable":true,"href":"https:\/\/www.madoantepia.com\/index.php\/wp-json\/wp\/v2\/product_brand?post=2862"},{"taxonomy":"product_cat","embeddable":true,"href":"https:\/\/www.madoantepia.com\/index.php\/wp-json\/wp\/v2\/product_cat?post=2862"},{"taxonomy":"product_tag","embeddable":true,"href":"https:\/\/www.madoantepia.com\/index.php\/wp-json\/wp\/v2\/product_tag?post=2862"}],"curies":[{"name":"wp","href":"https:\/\/api.w.org\/{rel}","templated":true}]}}