{"id":2996,"date":"2026-04-21T08:44:37","date_gmt":"2026-04-21T08:44:37","guid":{"rendered":"https:\/\/www.madoantepia.com\/?post_type=product&#038;p=2996"},"modified":"2026-04-21T08:50:14","modified_gmt":"2026-04-21T08:50:14","slug":"celtik-kebabi","status":"publish","type":"product","link":"https:\/\/www.madoantepia.com\/index.php\/product\/celtik-kebabi\/","title":{"rendered":"\u00c7eltik Kebab\u0131"},"content":{"rendered":"","protected":false},"excerpt":{"rendered":"<p>\u00c7eltik Kebab\u0131<br \/>\nKibrit patates \u00fczerine \u0131zgara bonfile ve kasap<br \/>\nk\u00f6fte, k\u00f6zlenmi\u015f domates, ye\u015fil biber, s\u00fczme yo\u011furt<br \/>\nve tereya\u011fl\u0131 domates sos ile.<\/p>\n","protected":false},"featured_media":2997,"comment_status":"closed","ping_status":"closed","template":"","meta":{"_acf_changed":false,"inline_featured_image":false},"product_brand":[],"product_cat":[127],"product_tag":[419,420,421,268,422],"class_list":{"0":"post-2996","1":"product","2":"type-product","3":"status-publish","4":"has-post-thumbnail","6":"product_cat-ana-yemekler-et","7":"product_tag-celtik-kebabi","8":"product_tag-izgara-bonfile","9":"product_tag-kasap-kofte","10":"product_tag-kibrit-patates","11":"product_tag-tereyagli","13":"first","14":"instock","15":"shipping-taxable","16":"product-type-simple"},"acf":[],"_links":{"self":[{"href":"https:\/\/www.madoantepia.com\/index.php\/wp-json\/wp\/v2\/product\/2996","targetHints":{"allow":["GET"]}}],"collection":[{"href":"https:\/\/www.madoantepia.com\/index.php\/wp-json\/wp\/v2\/product"}],"about":[{"href":"https:\/\/www.madoantepia.com\/index.php\/wp-json\/wp\/v2\/types\/product"}],"replies":[{"embeddable":true,"href":"https:\/\/www.madoantepia.com\/index.php\/wp-json\/wp\/v2\/comments?post=2996"}],"wp:featuredmedia":[{"embeddable":true,"href":"https:\/\/www.madoantepia.com\/index.php\/wp-json\/wp\/v2\/media\/2997"}],"wp:attachment":[{"href":"https:\/\/www.madoantepia.com\/index.php\/wp-json\/wp\/v2\/media?parent=2996"}],"wp:term":[{"taxonomy":"product_brand","embeddable":true,"href":"https:\/\/www.madoantepia.com\/index.php\/wp-json\/wp\/v2\/product_brand?post=2996"},{"taxonomy":"product_cat","embeddable":true,"href":"https:\/\/www.madoantepia.com\/index.php\/wp-json\/wp\/v2\/product_cat?post=2996"},{"taxonomy":"product_tag","embeddable":true,"href":"https:\/\/www.madoantepia.com\/index.php\/wp-json\/wp\/v2\/product_tag?post=2996"}],"curies":[{"name":"wp","href":"https:\/\/api.w.org\/{rel}","templated":true}]}}