{"id":3000,"date":"2026-04-21T08:52:30","date_gmt":"2026-04-21T08:52:30","guid":{"rendered":"https:\/\/www.madoantepia.com\/?post_type=product&#038;p=3000"},"modified":"2026-04-21T08:53:48","modified_gmt":"2026-04-21T08:53:48","slug":"mantar-soslu-bonfile","status":"publish","type":"product","link":"https:\/\/www.madoantepia.com\/index.php\/product\/mantar-soslu-bonfile\/","title":{"rendered":"Mantar Soslu Bonfile"},"content":{"rendered":"","protected":false},"excerpt":{"rendered":"<p>Mantar Soslu Bonfile<br \/>\nMantarl\u0131 demi-glace soslu \u0131zgara bonfile yan\u0131nda<br \/>\nf\u0131r\u0131nlanm\u0131\u015f ka\u015farl\u0131 patates p\u00fcresi ve ha\u015flanm\u0131\u015f sebzeler ile.<\/p>\n","protected":false},"featured_media":3001,"comment_status":"closed","ping_status":"closed","template":"","meta":{"_acf_changed":false,"inline_featured_image":false},"product_brand":[],"product_cat":[127],"product_tag":[428,430,431,429,404,427],"class_list":{"0":"post-3000","1":"product","2":"type-product","3":"status-publish","4":"has-post-thumbnail","6":"product_cat-ana-yemekler-et","7":"product_tag-demi-glace-sos","8":"product_tag-firinlanmis","9":"product_tag-haslanmis-sebzeler","10":"product_tag-izgara","11":"product_tag-kasarli","12":"product_tag-mantar-soslu-bonfile","14":"first","15":"instock","16":"shipping-taxable","17":"product-type-simple"},"acf":[],"_links":{"self":[{"href":"https:\/\/www.madoantepia.com\/index.php\/wp-json\/wp\/v2\/product\/3000","targetHints":{"allow":["GET"]}}],"collection":[{"href":"https:\/\/www.madoantepia.com\/index.php\/wp-json\/wp\/v2\/product"}],"about":[{"href":"https:\/\/www.madoantepia.com\/index.php\/wp-json\/wp\/v2\/types\/product"}],"replies":[{"embeddable":true,"href":"https:\/\/www.madoantepia.com\/index.php\/wp-json\/wp\/v2\/comments?post=3000"}],"wp:featuredmedia":[{"embeddable":true,"href":"https:\/\/www.madoantepia.com\/index.php\/wp-json\/wp\/v2\/media\/3001"}],"wp:attachment":[{"href":"https:\/\/www.madoantepia.com\/index.php\/wp-json\/wp\/v2\/media?parent=3000"}],"wp:term":[{"taxonomy":"product_brand","embeddable":true,"href":"https:\/\/www.madoantepia.com\/index.php\/wp-json\/wp\/v2\/product_brand?post=3000"},{"taxonomy":"product_cat","embeddable":true,"href":"https:\/\/www.madoantepia.com\/index.php\/wp-json\/wp\/v2\/product_cat?post=3000"},{"taxonomy":"product_tag","embeddable":true,"href":"https:\/\/www.madoantepia.com\/index.php\/wp-json\/wp\/v2\/product_tag?post=3000"}],"curies":[{"name":"wp","href":"https:\/\/api.w.org\/{rel}","templated":true}]}}