{"id":3026,"date":"2026-04-21T09:54:21","date_gmt":"2026-04-21T09:54:21","guid":{"rendered":"https:\/\/www.madoantepia.com\/?post_type=product&#038;p=3026"},"modified":"2026-04-21T09:55:25","modified_gmt":"2026-04-21T09:55:25","slug":"tek-kisilik-hizli-kahvalti","status":"publish","type":"product","link":"https:\/\/www.madoantepia.com\/index.php\/product\/tek-kisilik-hizli-kahvalti\/","title":{"rendered":"Tek Ki\u015filik: H\u0131zl\u0131 Kahvalt\u0131"},"content":{"rendered":"","protected":false},"excerpt":{"rendered":"<p>H\u0131zl\u0131 Kahvalt\u0131<br \/>\nTam ya\u011fl\u0131 beyaz peynir, taze ka\u015far peyniri, ye\u015fil &#038; siyah zeytin,<br \/>\nkiraz domates, acuka, yaprak galeta, salatal\u0131k, k\u00f6y biberi, bir adet ha\u015flanm\u0131\u015f<br \/>\nyumurta ve meyve re\u00e7eli ile.<br \/>\n*Kahvalt\u0131n\u0131z\u0131n yan\u0131nda bir bardak \u00e7ay.<\/p>\n","protected":false},"featured_media":3027,"comment_status":"closed","ping_status":"closed","template":"","meta":{"_acf_changed":false,"inline_featured_image":false},"product_brand":[],"product_cat":[115],"product_tag":[438,488],"class_list":{"0":"post-3026","1":"product","2":"type-product","3":"status-publish","4":"has-post-thumbnail","6":"product_cat-gun-boyu-kahvalti","7":"product_tag-gaziantep-kahvalti","8":"product_tag-hizli-kahvalti","10":"first","11":"instock","12":"shipping-taxable","13":"product-type-simple"},"acf":[],"_links":{"self":[{"href":"https:\/\/www.madoantepia.com\/index.php\/wp-json\/wp\/v2\/product\/3026","targetHints":{"allow":["GET"]}}],"collection":[{"href":"https:\/\/www.madoantepia.com\/index.php\/wp-json\/wp\/v2\/product"}],"about":[{"href":"https:\/\/www.madoantepia.com\/index.php\/wp-json\/wp\/v2\/types\/product"}],"replies":[{"embeddable":true,"href":"https:\/\/www.madoantepia.com\/index.php\/wp-json\/wp\/v2\/comments?post=3026"}],"wp:featuredmedia":[{"embeddable":true,"href":"https:\/\/www.madoantepia.com\/index.php\/wp-json\/wp\/v2\/media\/3027"}],"wp:attachment":[{"href":"https:\/\/www.madoantepia.com\/index.php\/wp-json\/wp\/v2\/media?parent=3026"}],"wp:term":[{"taxonomy":"product_brand","embeddable":true,"href":"https:\/\/www.madoantepia.com\/index.php\/wp-json\/wp\/v2\/product_brand?post=3026"},{"taxonomy":"product_cat","embeddable":true,"href":"https:\/\/www.madoantepia.com\/index.php\/wp-json\/wp\/v2\/product_cat?post=3026"},{"taxonomy":"product_tag","embeddable":true,"href":"https:\/\/www.madoantepia.com\/index.php\/wp-json\/wp\/v2\/product_tag?post=3026"}],"curies":[{"name":"wp","href":"https:\/\/api.w.org\/{rel}","templated":true}]}}