{"id":3030,"date":"2026-04-21T10:04:01","date_gmt":"2026-04-21T10:04:01","guid":{"rendered":"https:\/\/www.madoantepia.com\/?post_type=product&#038;p=3030"},"modified":"2026-04-21T10:05:15","modified_gmt":"2026-04-21T10:05:15","slug":"tek-kisilik-mono-borekli-kahvalti","status":"publish","type":"product","link":"https:\/\/www.madoantepia.com\/index.php\/product\/tek-kisilik-mono-borekli-kahvalti\/","title":{"rendered":"Tek Ki\u015filik: Mono B\u00f6rekli Kahvalt\u0131"},"content":{"rendered":"","protected":false},"excerpt":{"rendered":"<p>Mono B\u00f6rekli Kahvalt\u0131<br \/>\nEski ka\u015far peyniri, taze ka\u015far peyniri, tam ya\u011fl\u0131 beyaz peynir,<br \/>\nsalatal\u0131k, kiraz domates, roka, petek bal, kaymak, acuka,<br \/>\nceviz, kuru kay\u0131s\u0131, ye\u015fil &#038; siyah zeytin ve se\u00e7ece\u011finiz bir adet<br \/>\nmara\u015f peynirli veya s\u00fcnen peynirli mono b\u00f6rek ile.<br \/>\n*Kahvalt\u0131n\u0131z\u0131n yan\u0131nda bir bardak \u00e7ay.<\/p>\n","protected":false},"featured_media":3031,"comment_status":"closed","ping_status":"closed","template":"","meta":{"_acf_changed":false,"inline_featured_image":false},"product_brand":[],"product_cat":[115],"product_tag":[492],"class_list":{"0":"post-3030","1":"product","2":"type-product","3":"status-publish","4":"has-post-thumbnail","6":"product_cat-gun-boyu-kahvalti","7":"product_tag-mono-borekli-kahvalti","9":"first","10":"instock","11":"shipping-taxable","12":"product-type-simple"},"acf":[],"_links":{"self":[{"href":"https:\/\/www.madoantepia.com\/index.php\/wp-json\/wp\/v2\/product\/3030","targetHints":{"allow":["GET"]}}],"collection":[{"href":"https:\/\/www.madoantepia.com\/index.php\/wp-json\/wp\/v2\/product"}],"about":[{"href":"https:\/\/www.madoantepia.com\/index.php\/wp-json\/wp\/v2\/types\/product"}],"replies":[{"embeddable":true,"href":"https:\/\/www.madoantepia.com\/index.php\/wp-json\/wp\/v2\/comments?post=3030"}],"wp:featuredmedia":[{"embeddable":true,"href":"https:\/\/www.madoantepia.com\/index.php\/wp-json\/wp\/v2\/media\/3031"}],"wp:attachment":[{"href":"https:\/\/www.madoantepia.com\/index.php\/wp-json\/wp\/v2\/media?parent=3030"}],"wp:term":[{"taxonomy":"product_brand","embeddable":true,"href":"https:\/\/www.madoantepia.com\/index.php\/wp-json\/wp\/v2\/product_brand?post=3030"},{"taxonomy":"product_cat","embeddable":true,"href":"https:\/\/www.madoantepia.com\/index.php\/wp-json\/wp\/v2\/product_cat?post=3030"},{"taxonomy":"product_tag","embeddable":true,"href":"https:\/\/www.madoantepia.com\/index.php\/wp-json\/wp\/v2\/product_tag?post=3030"}],"curies":[{"name":"wp","href":"https:\/\/api.w.org\/{rel}","templated":true}]}}