{"id":3032,"date":"2026-04-21T10:05:40","date_gmt":"2026-04-21T10:05:40","guid":{"rendered":"https:\/\/www.madoantepia.com\/?post_type=product&#038;p=3032"},"modified":"2026-04-21T10:06:48","modified_gmt":"2026-04-21T10:06:48","slug":"tek-kisilik-newyork-kruvasanli-kahvalti","status":"publish","type":"product","link":"https:\/\/www.madoantepia.com\/index.php\/product\/tek-kisilik-newyork-kruvasanli-kahvalti\/","title":{"rendered":"Tek Ki\u015filik: Newyork Kruvasanl\u0131 Kahvalt\u0131"},"content":{"rendered":"","protected":false},"excerpt":{"rendered":"<p>Newyork Kruvasanl\u0131 Kahvalt\u0131<br \/>\nNewyork kruvasan, tek g\u00f6z yumurta, 2 dilim dana jambon, eski ka\u015far peyniri,<br \/>\ntaze ka\u015far peyniri, tam ya\u011fl\u0131 beyaz peynir, kuru kay\u0131s\u0131, salatal\u0131k, kiraz domates,<br \/>\nroka, petek bal &#038; kaymak, ye\u015fil &#038; siyah zeytin ve s\u00fct re\u00e7eli ile.<br \/>\n*Kahvalt\u0131n\u0131z\u0131n yan\u0131nda bir bardak \u00e7ay.<\/p>\n","protected":false},"featured_media":3033,"comment_status":"closed","ping_status":"closed","template":"","meta":{"_acf_changed":false,"inline_featured_image":false},"product_brand":[],"product_cat":[115],"product_tag":[290,437,493],"class_list":{"0":"post-3032","1":"product","2":"type-product","3":"status-publish","4":"has-post-thumbnail","6":"product_cat-gun-boyu-kahvalti","7":"product_tag-gaziantep-mado","8":"product_tag-mado-kahvalti","9":"product_tag-newyork-kruvasanli-kahvalti","11":"first","12":"instock","13":"shipping-taxable","14":"product-type-simple"},"acf":[],"_links":{"self":[{"href":"https:\/\/www.madoantepia.com\/index.php\/wp-json\/wp\/v2\/product\/3032","targetHints":{"allow":["GET"]}}],"collection":[{"href":"https:\/\/www.madoantepia.com\/index.php\/wp-json\/wp\/v2\/product"}],"about":[{"href":"https:\/\/www.madoantepia.com\/index.php\/wp-json\/wp\/v2\/types\/product"}],"replies":[{"embeddable":true,"href":"https:\/\/www.madoantepia.com\/index.php\/wp-json\/wp\/v2\/comments?post=3032"}],"wp:featuredmedia":[{"embeddable":true,"href":"https:\/\/www.madoantepia.com\/index.php\/wp-json\/wp\/v2\/media\/3033"}],"wp:attachment":[{"href":"https:\/\/www.madoantepia.com\/index.php\/wp-json\/wp\/v2\/media?parent=3032"}],"wp:term":[{"taxonomy":"product_brand","embeddable":true,"href":"https:\/\/www.madoantepia.com\/index.php\/wp-json\/wp\/v2\/product_brand?post=3032"},{"taxonomy":"product_cat","embeddable":true,"href":"https:\/\/www.madoantepia.com\/index.php\/wp-json\/wp\/v2\/product_cat?post=3032"},{"taxonomy":"product_tag","embeddable":true,"href":"https:\/\/www.madoantepia.com\/index.php\/wp-json\/wp\/v2\/product_tag?post=3032"}],"curies":[{"name":"wp","href":"https:\/\/api.w.org\/{rel}","templated":true}]}}