{"id":3044,"date":"2026-04-21T12:39:39","date_gmt":"2026-04-21T12:39:39","guid":{"rendered":"https:\/\/www.madoantepia.com\/?post_type=product&#038;p=3044"},"modified":"2026-04-21T12:41:05","modified_gmt":"2026-04-21T12:41:05","slug":"yumurtali-ekmek","status":"publish","type":"product","link":"https:\/\/www.madoantepia.com\/index.php\/product\/yumurtali-ekmek\/","title":{"rendered":"Yumurtal\u0131 Ekmek"},"content":{"rendered":"","protected":false},"excerpt":{"rendered":"<p>Yumurtal\u0131 Ekmek<br \/>\nYumurta ile k\u0131zart\u0131lm\u0131\u015f ekmek dilimleri,<br \/>\ncevizli tulum peyniri, s\u00fczme bal, mevsim ye\u015fillikleri ve kiraz domates ile.<\/p>\n","protected":false},"featured_media":3045,"comment_status":"closed","ping_status":"closed","template":"","meta":{"_acf_changed":false,"inline_featured_image":false},"product_brand":[],"product_cat":[115],"product_tag":[511,510,509],"class_list":{"0":"post-3044","1":"product","2":"type-product","3":"status-publish","4":"has-post-thumbnail","6":"product_cat-gun-boyu-kahvalti","7":"product_tag-cevizli-tulum-peyniri","8":"product_tag-kizartilmis-ekmek","9":"product_tag-yumurtali-ekmek","11":"first","12":"instock","13":"shipping-taxable","14":"product-type-simple"},"acf":[],"_links":{"self":[{"href":"https:\/\/www.madoantepia.com\/index.php\/wp-json\/wp\/v2\/product\/3044","targetHints":{"allow":["GET"]}}],"collection":[{"href":"https:\/\/www.madoantepia.com\/index.php\/wp-json\/wp\/v2\/product"}],"about":[{"href":"https:\/\/www.madoantepia.com\/index.php\/wp-json\/wp\/v2\/types\/product"}],"replies":[{"embeddable":true,"href":"https:\/\/www.madoantepia.com\/index.php\/wp-json\/wp\/v2\/comments?post=3044"}],"wp:featuredmedia":[{"embeddable":true,"href":"https:\/\/www.madoantepia.com\/index.php\/wp-json\/wp\/v2\/media\/3045"}],"wp:attachment":[{"href":"https:\/\/www.madoantepia.com\/index.php\/wp-json\/wp\/v2\/media?parent=3044"}],"wp:term":[{"taxonomy":"product_brand","embeddable":true,"href":"https:\/\/www.madoantepia.com\/index.php\/wp-json\/wp\/v2\/product_brand?post=3044"},{"taxonomy":"product_cat","embeddable":true,"href":"https:\/\/www.madoantepia.com\/index.php\/wp-json\/wp\/v2\/product_cat?post=3044"},{"taxonomy":"product_tag","embeddable":true,"href":"https:\/\/www.madoantepia.com\/index.php\/wp-json\/wp\/v2\/product_tag?post=3044"}],"curies":[{"name":"wp","href":"https:\/\/api.w.org\/{rel}","templated":true}]}}