{"id":739,"date":"2023-09-27T08:57:47","date_gmt":"2023-09-27T08:57:47","guid":{"rendered":"https:\/\/ai-library.nicdark.com\/?post_type=product&#038;p=739"},"modified":"2026-03-12T13:15:06","modified_gmt":"2026-03-12T13:15:06","slug":"spesiyal-kesme-dondurma","status":"publish","type":"product","link":"https:\/\/www.madoantepia.com\/index.php\/product\/spesiyal-kesme-dondurma\/","title":{"rendered":"Spesiyal Kesme Dondurma"},"content":{"rendered":"","protected":false},"excerpt":{"rendered":"<p>Spesiyal Kesme Dondurma<br \/>\nSade, \u00e7ikolatal\u0131, f\u0131st\u0131kl\u0131 kesme dondurma yan\u0131nda s\u00fct re\u00e7eli ile.<\/p>\n","protected":false},"featured_media":2368,"comment_status":"closed","ping_status":"closed","template":"","meta":{"_acf_changed":false,"inline_featured_image":false},"product_brand":[],"product_cat":[92],"product_tag":[139,140],"class_list":{"0":"post-739","1":"product","2":"type-product","3":"status-publish","4":"has-post-thumbnail","6":"product_cat-kesme-dondurma","7":"product_tag-kesme-dondurma","8":"product_tag-maras-kesme-dondurma","10":"first","11":"instock","12":"shipping-taxable","13":"product-type-simple"},"acf":[],"_links":{"self":[{"href":"https:\/\/www.madoantepia.com\/index.php\/wp-json\/wp\/v2\/product\/739","targetHints":{"allow":["GET"]}}],"collection":[{"href":"https:\/\/www.madoantepia.com\/index.php\/wp-json\/wp\/v2\/product"}],"about":[{"href":"https:\/\/www.madoantepia.com\/index.php\/wp-json\/wp\/v2\/types\/product"}],"replies":[{"embeddable":true,"href":"https:\/\/www.madoantepia.com\/index.php\/wp-json\/wp\/v2\/comments?post=739"}],"wp:featuredmedia":[{"embeddable":true,"href":"https:\/\/www.madoantepia.com\/index.php\/wp-json\/wp\/v2\/media\/2368"}],"wp:attachment":[{"href":"https:\/\/www.madoantepia.com\/index.php\/wp-json\/wp\/v2\/media?parent=739"}],"wp:term":[{"taxonomy":"product_brand","embeddable":true,"href":"https:\/\/www.madoantepia.com\/index.php\/wp-json\/wp\/v2\/product_brand?post=739"},{"taxonomy":"product_cat","embeddable":true,"href":"https:\/\/www.madoantepia.com\/index.php\/wp-json\/wp\/v2\/product_cat?post=739"},{"taxonomy":"product_tag","embeddable":true,"href":"https:\/\/www.madoantepia.com\/index.php\/wp-json\/wp\/v2\/product_tag?post=739"}],"curies":[{"name":"wp","href":"https:\/\/api.w.org\/{rel}","templated":true}]}}